{"id":1822,"date":"2022-04-12T22:59:18","date_gmt":"2022-04-12T22:59:18","guid":{"rendered":"https:\/\/canadiankindnessleaders.ca\/?page_id=1822"},"modified":"2025-05-22T19:22:32","modified_gmt":"2025-05-22T19:22:32","slug":"ecole-joe-a-ross","status":"publish","type":"page","link":"https:\/\/canadiankindnessleaders.ca\/fr\/ecole-joe-a-ross\/","title":{"rendered":"\u00c9cole Joe A Ross"},"content":{"rendered":"<p><div class=\"fusion-fullwidth fullwidth-box fusion-builder-row-1 fusion-flex-container nonhundred-percent-fullwidth non-hundred-percent-height-scrolling\" style=\"--awb-border-radius-top-left:0px;--awb-border-radius-top-right:0px;--awb-border-radius-bottom-right:0px;--awb-border-radius-bottom-left:0px;--awb-flex-wrap:wrap;\" ><div class=\"fusion-builder-row fusion-row fusion-flex-align-items-flex-start fusion-flex-content-wrap\" style=\"max-width:1216.8px;margin-left: calc(-4% \/ 2 );margin-right: calc(-4% \/ 2 );\"><div class=\"fusion-layout-column fusion_builder_column fusion-builder-column-0 fusion_builder_column_1_2 1_2 fusion-flex-column\" style=\"--awb-bg-size:cover;--awb-width-large:50%;--awb-margin-top-large:15px;--awb-spacing-right-large:3.84%;--awb-margin-bottom-large:15px;--awb-spacing-left-large:3.84%;--awb-width-medium:100%;--awb-order-medium:0;--awb-spacing-right-medium:1.92%;--awb-spacing-left-medium:1.92%;--awb-width-small:100%;--awb-order-small:0;--awb-spacing-right-small:1.92%;--awb-spacing-left-small:1.92%;\"><div class=\"fusion-column-wrapper fusion-column-has-shadow fusion-flex-justify-content-flex-start fusion-content-layout-column\"><div class=\"fusion-image-element\" style=\"text-align:center;--awb-caption-title-font-family:var(--h2_typography-font-family);--awb-caption-title-font-weight:var(--h2_typography-font-weight);--awb-caption-title-font-style:var(--h2_typography-font-style);--awb-caption-title-size:var(--h2_typography-font-size);--awb-caption-title-transform:var(--h2_typography-text-transform);--awb-caption-title-line-height:var(--h2_typography-line-height);--awb-caption-title-letter-spacing:var(--h2_typography-letter-spacing);\"><span class=\"fusion-imageframe imageframe-none imageframe-1 hover-type-none\"><img decoding=\"async\" width=\"200\" height=\"114\" title=\"photo_logo_sm\" src=\"https:\/\/canadiankindnessleaders.ca\/wp-content\/uploads\/2020\/11\/photo_logo_sm.png\" alt class=\"img-responsive wp-image-855\"\/><\/span><\/div><\/div><\/div><div class=\"fusion-layout-column fusion_builder_column fusion-builder-column-1 fusion_builder_column_1_2 1_2 fusion-flex-column\" style=\"--awb-bg-size:cover;--awb-width-large:50%;--awb-margin-top-large:15px;--awb-spacing-right-large:3.84%;--awb-margin-bottom-large:15px;--awb-spacing-left-large:3.84%;--awb-width-medium:100%;--awb-order-medium:0;--awb-spacing-right-medium:1.92%;--awb-spacing-left-medium:1.92%;--awb-width-small:100%;--awb-order-small:0;--awb-spacing-right-small:1.92%;--awb-spacing-left-small:1.92%;\"><div class=\"fusion-column-wrapper fusion-column-has-shadow fusion-flex-justify-content-flex-start fusion-content-layout-column\"><div class=\"fusion-image-element\" style=\"text-align:center;--awb-caption-title-font-family:var(--h2_typography-font-family);--awb-caption-title-font-weight:var(--h2_typography-font-weight);--awb-caption-title-font-style:var(--h2_typography-font-style);--awb-caption-title-size:var(--h2_typography-font-size);--awb-caption-title-transform:var(--h2_typography-text-transform);--awb-caption-title-line-height:var(--h2_typography-line-height);--awb-caption-title-letter-spacing:var(--h2_typography-letter-spacing);\"><span class=\"fusion-imageframe imageframe-none imageframe-2 hover-type-none\"><img decoding=\"async\" width=\"200\" height=\"114\" title=\"photo_fr_logo_sm\" src=\"https:\/\/canadiankindnessleaders.ca\/wp-content\/uploads\/2021\/03\/photo_fr_logo_sm.png\" alt class=\"img-responsive wp-image-1108\"\/><\/span><\/div><\/div><\/div><\/div><\/div><div class=\"fusion-fullwidth fullwidth-box fusion-builder-row-2 fusion-flex-container nonhundred-percent-fullwidth non-hundred-percent-height-scrolling\" style=\"--awb-border-radius-top-left:0px;--awb-border-radius-top-right:0px;--awb-border-radius-bottom-right:0px;--awb-border-radius-bottom-left:0px;--awb-background-color:#0c507c;--awb-flex-wrap:wrap;\" ><div class=\"fusion-builder-row fusion-row fusion-flex-align-items-center fusion-flex-justify-content-center fusion-flex-content-wrap\" style=\"max-width:1216.8px;margin-left: calc(-4% \/ 2 );margin-right: calc(-4% \/ 2 );\"><div class=\"fusion-layout-column fusion_builder_column fusion-builder-column-2 fusion_builder_column_1_1 1_1 fusion-flex-column\" style=\"--awb-padding-top:0px;--awb-padding-right:0px;--awb-padding-bottom:0px;--awb-padding-left:0px;--awb-bg-size:cover;--awb-width-large:100%;--awb-margin-top-large:15px;--awb-spacing-right-large:1.92%;--awb-margin-bottom-large:15px;--awb-spacing-left-large:1.92%;--awb-width-medium:100%;--awb-order-medium:0;--awb-spacing-right-medium:1.92%;--awb-spacing-left-medium:1.92%;--awb-width-small:100%;--awb-order-small:0;--awb-spacing-right-small:1.92%;--awb-spacing-left-small:1.92%;\"><div class=\"fusion-column-wrapper fusion-column-has-shadow fusion-flex-justify-content-flex-start fusion-content-layout-column\"><div class=\"fusion-title title fusion-title-1 fusion-sep-none fusion-title-center fusion-title-text fusion-title-size-one\" style=\"--awb-text-color:#ffffff;\"><h1 class=\"fusion-title-heading title-heading-center fusion-responsive-typography-calculated\" style=\"margin:0;--fontSize:56;line-height:1.16;\">Projet : Concours d'affiches<\/h1><\/div><\/div><\/div><\/div><\/div><div class=\"fusion-fullwidth fullwidth-box fusion-builder-row-3 fusion-flex-container nonhundred-percent-fullwidth non-hundred-percent-height-scrolling\" style=\"--awb-border-sizes-top:0;--awb-border-sizes-bottom:0;--awb-border-sizes-left:0;--awb-border-sizes-right:0;--awb-border-radius-top-left:0px;--awb-border-radius-top-right:0px;--awb-border-radius-bottom-right:0px;--awb-border-radius-bottom-left:0px;--awb-padding-top:0px;--awb-padding-right:0px;--awb-padding-bottom:0px;--awb-padding-left:0px;--awb-margin-top:0px;--awb-margin-bottom:0px;--awb-background-color:#a7bedb;--awb-flex-wrap:wrap;\" ><div class=\"fusion-builder-row fusion-row fusion-flex-align-items-center fusion-flex-justify-content-center fusion-flex-content-wrap\" style=\"max-width:1216.8px;margin-left: calc(-4% \/ 2 );margin-right: calc(-4% \/ 2 );\"><div class=\"fusion-layout-column fusion_builder_column fusion-builder-column-3 fusion_builder_column_1_2 1_2 fusion-flex-column fusion-flex-align-self-center\" style=\"--awb-padding-top:0px;--awb-padding-right:0px;--awb-padding-bottom:0px;--awb-padding-left:0px;--awb-bg-size:cover;--awb-width-large:50%;--awb-margin-top-large:15px;--awb-spacing-right-large:3.84%;--awb-margin-bottom-large:0px;--awb-spacing-left-large:3.84%;--awb-width-medium:100%;--awb-order-medium:0;--awb-spacing-right-medium:1.92%;--awb-spacing-left-medium:1.92%;--awb-width-small:100%;--awb-order-small:0;--awb-spacing-right-small:1.92%;--awb-spacing-left-small:1.92%;\"><div class=\"fusion-column-wrapper fusion-column-has-shadow fusion-flex-justify-content-center fusion-content-layout-column\"><div class=\"fusion-text fusion-text-1\"><p><a href=\"https:\/\/canadiankindnessleaders.ca\/fr\/\"><span style=\"color: #000000;\"><i class=\"fb-icon-element-1 fb-icon-element fontawesome-icon fa-arrow-left fas circle-yes fusion-text-flow\" style=\"--awb-circlecolor:#044f7d;--awb-circlecolor-hover:#ff383b;--awb-circlebordercolor:#044f7d;--awb-circlebordercolor-hover:#ff383b;--awb-circlebordersize:1px;--awb-font-size:19.36px;--awb-width:38.72px;--awb-height:38.72px;--awb-line-height:36.72px;--awb-margin-right:11px;\"><\/i>Retour au site principal<\/span><\/a><\/p>\n<\/div><\/div><\/div><div class=\"fusion-layout-column fusion_builder_column fusion-builder-column-4 fusion_builder_column_1_2 1_2 fusion-flex-column fusion-flex-align-self-center\" style=\"--awb-padding-top:0px;--awb-padding-right:0px;--awb-padding-bottom:0px;--awb-padding-left:0px;--awb-bg-size:cover;--awb-width-large:50%;--awb-margin-top-large:15px;--awb-spacing-right-large:3.84%;--awb-margin-bottom-large:0px;--awb-spacing-left-large:3.84%;--awb-width-medium:100%;--awb-order-medium:0;--awb-spacing-right-medium:1.92%;--awb-spacing-left-medium:1.92%;--awb-width-small:100%;--awb-order-small:0;--awb-spacing-right-small:1.92%;--awb-spacing-left-small:1.92%;\"><div class=\"fusion-column-wrapper fusion-column-has-shadow fusion-flex-justify-content-center fusion-content-layout-column\"><div class=\"fusion-text fusion-text-2\" style=\"--awb-content-alignment:right;\"><p><a href=\"https:\/\/mentorscanadiensengentillesse.ca\/\"><span style=\"color: #000000;\">Retour au site principal<\/span> <i class=\"fb-icon-element-2 fb-icon-element fontawesome-icon fa-arrow-right fas circle-yes fusion-text-flow\" style=\"--awb-circlecolor:#044f7d;--awb-circlecolor-hover:#ff383b;--awb-circlebordercolor:#044f7d;--awb-circlebordercolor-hover:#ff383b;--awb-circlebordersize:1px;--awb-font-size:19.36px;--awb-width:38.72px;--awb-height:38.72px;--awb-line-height:36.72px;--awb-margin-right:11px;\"><\/i><\/a><\/p>\n<\/div><\/div><\/div><\/div><\/div><div class=\"fusion-fullwidth fullwidth-box fusion-builder-row-4 fusion-flex-container nonhundred-percent-fullwidth non-hundred-percent-height-scrolling\" style=\"--awb-border-radius-top-left:0px;--awb-border-radius-top-right:0px;--awb-border-radius-bottom-right:0px;--awb-border-radius-bottom-left:0px;--awb-flex-wrap:wrap;\" ><div class=\"fusion-builder-row fusion-row fusion-flex-align-items-flex-start fusion-flex-content-wrap\" style=\"max-width:1216.8px;margin-left: calc(-4% \/ 2 );margin-right: calc(-4% \/ 2 );\"><div class=\"fusion-layout-column fusion_builder_column fusion-builder-column-5 fusion_builder_column_1_2 1_2 fusion-flex-column\" style=\"--awb-bg-size:cover;--awb-width-large:50%;--awb-margin-top-large:15px;--awb-spacing-right-large:3.84%;--awb-margin-bottom-large:15px;--awb-spacing-left-large:3.84%;--awb-width-medium:100%;--awb-order-medium:0;--awb-spacing-right-medium:1.92%;--awb-spacing-left-medium:1.92%;--awb-width-small:100%;--awb-order-small:0;--awb-spacing-right-small:1.92%;--awb-spacing-left-small:1.92%;\"><div class=\"fusion-column-wrapper fusion-column-has-shadow fusion-flex-justify-content-flex-start fusion-content-layout-column\"><div class=\"fusion-image-element\" style=\"text-align:center;--awb-caption-title-font-family:var(--h2_typography-font-family);--awb-caption-title-font-weight:var(--h2_typography-font-weight);--awb-caption-title-font-style:var(--h2_typography-font-style);--awb-caption-title-size:var(--h2_typography-font-size);--awb-caption-title-transform:var(--h2_typography-text-transform);--awb-caption-title-line-height:var(--h2_typography-line-height);--awb-caption-title-letter-spacing:var(--h2_typography-letter-spacing);\"><span class=\"fusion-imageframe imageframe-none imageframe-3 hover-type-none\"><img decoding=\"async\" width=\"250\" height=\"250\" title=\"\u00e9cole-joe\" src=\"https:\/\/canadiankindnessleaders.ca\/wp-content\/uploads\/2022\/04\/school-joe.png\" alt class=\"img-responsive wp-image-1824\" srcset=\"https:\/\/canadiankindnessleaders.ca\/wp-content\/uploads\/2022\/04\/school-joe-200x200.png 200w, https:\/\/canadiankindnessleaders.ca\/wp-content\/uploads\/2022\/04\/school-joe.png 250w\" sizes=\"(max-width: 1024px) 100vw, (max-width: 640px) 100vw, 250px\" \/><\/span><\/div><div class=\"fusion-separator fusion-full-width-sep\" style=\"align-self: center;margin-left: auto;margin-right: auto;margin-bottom:20px;width:100%;\"><\/div><div class=\"fusion-image-element\" style=\"--awb-caption-title-font-family:var(--h2_typography-font-family);--awb-caption-title-font-weight:var(--h2_typography-font-weight);--awb-caption-title-font-style:var(--h2_typography-font-style);--awb-caption-title-size:var(--h2_typography-font-size);--awb-caption-title-transform:var(--h2_typography-text-transform);--awb-caption-title-line-height:var(--h2_typography-line-height);--awb-caption-title-letter-spacing:var(--h2_typography-letter-spacing);\"><span class=\"fusion-imageframe imageframe-none imageframe-4 hover-type-none\"><img decoding=\"async\" width=\"500\" height=\"325\" title=\"photo-general1\" src=\"https:\/\/canadiankindnessleaders.ca\/wp-content\/uploads\/2022\/03\/photo-general1.jpg\" alt class=\"img-responsive wp-image-1689\" srcset=\"https:\/\/canadiankindnessleaders.ca\/wp-content\/uploads\/2022\/03\/photo-general1-200x130.jpg 200w, https:\/\/canadiankindnessleaders.ca\/wp-content\/uploads\/2022\/03\/photo-general1-400x260.jpg 400w, https:\/\/canadiankindnessleaders.ca\/wp-content\/uploads\/2022\/03\/photo-general1.jpg 500w\" sizes=\"(max-width: 1024px) 100vw, (max-width: 640px) 100vw, 500px\" \/><\/span><\/div><div class=\"fusion-separator fusion-full-width-sep\" style=\"align-self: center;margin-left: auto;margin-right: auto;margin-bottom:20px;width:100%;\"><\/div><\/div><\/div><div class=\"fusion-layout-column fusion_builder_column fusion-builder-column-6 fusion_builder_column_1_2 1_2 fusion-flex-column\" style=\"--awb-bg-size:cover;--awb-width-large:50%;--awb-margin-top-large:15px;--awb-spacing-right-large:3.84%;--awb-margin-bottom-large:15px;--awb-spacing-left-large:3.84%;--awb-width-medium:100%;--awb-order-medium:0;--awb-spacing-right-medium:1.92%;--awb-spacing-left-medium:1.92%;--awb-width-small:100%;--awb-order-small:0;--awb-spacing-right-small:1.92%;--awb-spacing-left-small:1.92%;\"><div class=\"fusion-column-wrapper fusion-column-has-shadow fusion-flex-justify-content-flex-start fusion-content-layout-column\"><div class=\"fusion-tabs fusion-tabs-1 classic nav-is-justified horizontal-tabs icon-position-left mobile-mode-accordion\" style=\"--awb-title-border-radius-top-left:0px;--awb-title-border-radius-top-right:0px;--awb-title-border-radius-bottom-right:0px;--awb-title-border-radius-bottom-left:0px;--awb-inactive-color:#f4f6f8;--awb-background-color:#ffffff;--awb-border-color:#dbe2ea;--awb-active-border-color:#0c507c;\"><div class=\"nav\"><ul class=\"nav-tabs nav-justified\" role=\"tablist\"><li class=\"active\" role=\"presentation\"><a class=\"tab-link\" data-toggle=\"tab\" role=\"tab\" aria-controls=\"tab-f64156931040fb154f2\" aria-selected=\"true\" id=\"fusion-tab-english\" href=\"#tab-f64156931040fb154f2\"><h4 class=\"fusion-tab-heading\">Anglais<\/h4><\/a><\/li><li role=\"presentation\"><a class=\"tab-link\" data-toggle=\"tab\" role=\"tab\" aria-controls=\"tab-3226da9d2af62f2a4d5\" aria-selected=\"false\" tabindex=\"-1\" id=\"fusion-tab-french\" href=\"#tab-3226da9d2af62f2a4d5\"><h4 class=\"fusion-tab-heading\">Fran\u00e7ais<\/h4><\/a><\/li><\/ul><\/div><div class=\"tab-content\"><div class=\"nav fusion-mobile-tab-nav\"><ul class=\"nav-tabs nav-justified\" role=\"tablist\"><li class=\"active\" role=\"presentation\"><a class=\"tab-link\" data-toggle=\"tab\" role=\"tab\" aria-controls=\"tab-f64156931040fb154f2\" aria-selected=\"true\" id=\"mobile-fusion-tab-english\" href=\"#tab-f64156931040fb154f2\"><h4 class=\"fusion-tab-heading\">Anglais<\/h4><\/a><\/li><\/ul><\/div><div class=\"tab-pane fade fusion-clearfix in active\" role=\"tabpanel\" tabindex=\"0\" aria-labelledby=\"fusion-tab-english\" id=\"tab-f64156931040fb154f2\"><strong>Nom de l'\u00e9cole :<\/strong><br \/>\n\u00c9cole Joe A Ross<\/p>\n<p><strong>Ville, Province :<\/strong><br \/>\nOpaskwayak, MB<\/p>\n<p><strong>Nom du projet :<\/strong><br \/>\nConcours d'affiches<\/p>\n<p><strong>Description :<\/strong><br \/>\nNous organiserons un concours d'affiches pour rappeler aux \u00e9l\u00e8ves ce qu'est la gentillesse et les diff\u00e9rentes fa\u00e7ons de la manifester. Les \u00e9l\u00e8ves qui auront r\u00e9alis\u00e9 la meilleure affiche gagneront un prix.<\/div><div class=\"nav fusion-mobile-tab-nav\"><ul class=\"nav-tabs nav-justified\" role=\"tablist\"><li role=\"presentation\"><a class=\"tab-link\" data-toggle=\"tab\" role=\"tab\" aria-controls=\"tab-3226da9d2af62f2a4d5\" aria-selected=\"false\" tabindex=\"-1\" id=\"mobile-fusion-tab-french\" href=\"#tab-3226da9d2af62f2a4d5\"><h4 class=\"fusion-tab-heading\">Fran\u00e7ais<\/h4><\/a><\/li><\/ul><\/div><div class=\"tab-pane fade fusion-clearfix\" role=\"tabpanel\" tabindex=\"0\" aria-labelledby=\"fusion-tab-french\" id=\"tab-3226da9d2af62f2a4d5\"><strong>Nom de l'\u00e9cole :<\/strong><br \/>\n\u00c9cole Joe A Ross<\/p>\n<p><strong>Ville, province :<\/strong><br \/>\nOpaskwayak, MB<\/p>\n<p><strong>Nom du projet :<\/strong><br \/>\nConcours d'affiches<\/p>\n<p><strong>Description :<\/strong><br \/>\nNous organiserons un concours d'affiches pour rappeler aux \u00e9l\u00e8ves la gentillesse et les diff\u00e9rentes fa\u00e7ons de la manifester.  Les \u00e9l\u00e8ves ayant la meilleure affiche gagneront un prix.<\/div><\/div><\/div><\/div><\/div><div class=\"fusion-layout-column fusion_builder_column fusion-builder-column-7 fusion_builder_column_1_1 1_1 fusion-flex-column\" style=\"--awb-bg-size:cover;--awb-width-large:100%;--awb-margin-top-large:15px;--awb-spacing-right-large:1.92%;--awb-margin-bottom-large:15px;--awb-spacing-left-large:1.92%;--awb-width-medium:100%;--awb-order-medium:0;--awb-spacing-right-medium:1.92%;--awb-spacing-left-medium:1.92%;--awb-width-small:100%;--awb-order-small:0;--awb-spacing-right-small:1.92%;--awb-spacing-left-small:1.92%;\"><div class=\"fusion-column-wrapper fusion-column-has-shadow fusion-flex-justify-content-flex-start fusion-content-layout-column\"><div class=\"fusion-separator fusion-full-width-sep\" style=\"align-self: center;margin-left: auto;margin-right: auto;margin-bottom:-40px;width:100%;\"><\/div><div class=\"fusion-title title fusion-title-2 fusion-sep-none fusion-title-text fusion-title-size-three\" style=\"--awb-text-color:#044f7d;--awb-font-size:28px;\"><h3 class=\"fusion-title-heading title-heading-left fusion-responsive-typography-calculated\" style=\"margin:0;font-size:1em;--fontSize:28;line-height:1.25;\">Lieu de l'\u00e9cole<\/h3><\/div><iframe src=\"https:\/\/www.google.com\/maps\/embed?pb=!1m18!1m12!1m3!1d2354.5182380130623!2d-101.27037578411516!3d53.83364594579926!2m3!1f0!2f0!3f0!3m2!1i1024!2i768!4f13.1!3m3!1m2!1s0x52f9eb4edd7fe2e7%3A0xee019e9408abbdf3!2sJoe%20A%20Ross%20School!5e0!3m2!1sen!2sca!4v1649804730423!5m2!1sen!2sca\" width=\"100%\" height=\"250\" style=\"border:0;\" allowfullscreen=\"\" loading=\"lazy\" referrerpolicy=\"no-referrer-when-downgrade\"><\/iframe><\/div><\/div><\/div><\/div><div class=\"fusion-fullwidth fullwidth-box fusion-builder-row-5 fusion-flex-container nonhundred-percent-fullwidth non-hundred-percent-height-scrolling\" style=\"--awb-border-sizes-top:0;--awb-border-sizes-bottom:0;--awb-border-sizes-left:0;--awb-border-sizes-right:0;--awb-border-radius-top-left:0px;--awb-border-radius-top-right:0px;--awb-border-radius-bottom-right:0px;--awb-border-radius-bottom-left:0px;--awb-padding-top:0px;--awb-padding-right:0px;--awb-padding-bottom:0px;--awb-padding-left:0px;--awb-margin-top:0px;--awb-margin-bottom:0px;--awb-background-color:#a7bedb;--awb-flex-wrap:wrap;\" ><div class=\"fusion-builder-row fusion-row fusion-flex-align-items-center fusion-flex-justify-content-center fusion-flex-content-wrap\" style=\"max-width:1216.8px;margin-left: calc(-4% \/ 2 );margin-right: calc(-4% \/ 2 );\"><div class=\"fusion-layout-column fusion_builder_column fusion-builder-column-8 fusion_builder_column_1_1 1_1 fusion-flex-column fusion-flex-align-self-center\" style=\"--awb-padding-top:0px;--awb-padding-right:0px;--awb-padding-bottom:0px;--awb-padding-left:0px;--awb-bg-size:cover;--awb-width-large:100%;--awb-margin-top-large:15px;--awb-spacing-right-large:1.92%;--awb-margin-bottom-large:0px;--awb-spacing-left-large:1.92%;--awb-width-medium:100%;--awb-order-medium:0;--awb-spacing-right-medium:1.92%;--awb-spacing-left-medium:1.92%;--awb-width-small:100%;--awb-order-small:0;--awb-spacing-right-small:1.92%;--awb-spacing-left-small:1.92%;\"><div class=\"fusion-column-wrapper fusion-column-has-shadow fusion-flex-justify-content-center fusion-content-layout-column\"><div class=\"fusion-title title fusion-title-3 fusion-sep-none fusion-title-center fusion-title-text fusion-title-size-two\" style=\"--awb-text-color:#044f7d;\"><h2 class=\"fusion-title-heading title-heading-center fusion-responsive-typography-calculated\" style=\"margin:0;--fontSize:48;line-height:1.0;\">Qu'en pensez-vous ?<\/h2><\/div><div class=\"fusion-text fusion-text-3\" style=\"--awb-content-alignment:center;\"><p><span style=\"color: #ffffff;\"><strong>Faites part de vos r\u00e9flexions et de vos sentiments sur ce projet !<br \/>\nPartagez vos r\u00e9flexions et vos sentiments sur ce projet !<\/strong><\/span><\/p>\n<\/div><\/div><\/div><\/div><\/div><\/p>\n<div class=\"wpra-reactions-wrap wpra-plugin-container wpra-regular\" data-ver=\"3.0.20\" data-layout=\"regular\" data-bind_id=\"1822\" data-show_count=\"true\" data-count_percentage=\"false\" data-enable_share=\"onclick\" data-animation=\"true\" data-align=\"center\" data-flying_type=\"label\" data-react_secure=\"cce362175b\" data-source=\"global\" data-sgc_id=\"0\" data-format=\"svg\/json\" >    <div class=\"wpra-reactions-container\">        <div class=\"wpra-call-to-action\">Quelle est votre r\u00e9action ?<\/div>        <div class=\"wpra-reactions wpra-animated-emojis wpra-shadow-light\">                            <div class=\"emoji-64 wpra-reaction\" data-count=\"0\" data-emoji_id=\"64\" >                    <div class=\"wpra-flying\">Excellent travail !<\/div>                                            <div class=\"arrow-badge hide-count\">                            <span class=\"tail\"><\/span>                            <span class=\"count-num\">0<\/span>                        <\/div>                    <div class=\"wpra-reaction-emoji\">                        <div class=\"wpra-reaction-emoji-holder wpra-reaction-animation-holder\" data-emoji_id=\"64\"><\/div>            <\/div>                <\/div>                            <div class=\"emoji-1 wpra-reaction\" data-count=\"0\" data-emoji_id=\"1\" >                    <div class=\"wpra-flying\">LOL<\/div>                                            <div class=\"arrow-badge hide-count\">                            <span class=\"tail\"><\/span>                            <span class=\"count-num\">0<\/span>                        <\/div>                    <div class=\"wpra-reaction-emoji\">                        <div class=\"wpra-reaction-emoji-holder wpra-reaction-animation-holder\" data-emoji_id=\"1\"><\/div>            <\/div>                <\/div>                            <div class=\"emoji-190 wpra-reaction\" data-count=\"0\" data-emoji_id=\"190\" >                    <div class=\"wpra-flying\">L'amour !<\/div>                                            <div class=\"arrow-badge hide-count\">                            <span class=\"tail\"><\/span>                            <span class=\"count-num\">0<\/span>                        <\/div>                    <div class=\"wpra-reaction-emoji\">                        <div class=\"wpra-reaction-emoji-holder wpra-reaction-animation-holder\" data-emoji_id=\"190\"><\/div>            <\/div>                <\/div>                            <div class=\"emoji-19 wpra-reaction\" data-count=\"0\" data-emoji_id=\"19\" >                    <div class=\"wpra-flying\">Incroyable !<\/div>                                            <div class=\"arrow-badge hide-count\">                            <span class=\"tail\"><\/span>                            <span class=\"count-num\">0<\/span>                        <\/div>                    <div class=\"wpra-reaction-emoji\">                        <div class=\"wpra-reaction-emoji-holder wpra-reaction-animation-holder\" data-emoji_id=\"19\"><\/div>            <\/div>                <\/div>                            <div class=\"emoji-186 wpra-reaction\" data-count=\"0\" data-emoji_id=\"186\" >                    <div class=\"wpra-flying\">La f\u00eate !<\/div>                                            <div class=\"arrow-badge hide-count\">                            <span class=\"tail\"><\/span>                            <span class=\"count-num\">0<\/span>                        <\/div>                    <div class=\"wpra-reaction-emoji\">                        <div class=\"wpra-reaction-emoji-holder wpra-reaction-animation-holder\" data-emoji_id=\"186\"><\/div>            <\/div>                <\/div>                            <div class=\"emoji-18 wpra-reaction\" data-count=\"0\" data-emoji_id=\"18\" >                    <div class=\"wpra-flying\">\u00c7a a l'air cool !<\/div>                                            <div class=\"arrow-badge hide-count\">                            <span class=\"tail\"><\/span>                            <span class=\"count-num\">0<\/span>                        <\/div>                    <div class=\"wpra-reaction-emoji\">                        <div class=\"wpra-reaction-emoji-holder wpra-reaction-animation-holder\" data-emoji_id=\"18\"><\/div>            <\/div>                <\/div>                    <\/div>            <div class=\"wpra-share-wrap wpra-share-expandable\"         style=\"display:none;\" data-share_url=\"https%3A%2F%2Fcanadiankindnessleaders.ca%2Ffr%2Fecole-joe-a-ross%2F\" data-bind_id=\"1822\" data-source=\"global\" data-sgc_id=\"0\" data-secure=\"938d11a48b\" >                <div class=\"wpra-share-buttons  wpra-share-buttons-bordered\">                    <\/div>            <\/div>    <\/div> <!-- end of reactions container --><\/div> <!-- end of reactions wrap -->","protected":false},"excerpt":{"rendered":"","protected":false},"author":2,"featured_media":0,"parent":0,"menu_order":0,"comment_status":"closed","ping_status":"closed","template":"100-width.php","meta":{"footnotes":""},"class_list":["post-1822","page","type-page","status-publish","hentry"],"_links":{"self":[{"href":"https:\/\/canadiankindnessleaders.ca\/fr\/wp-json\/wp\/v2\/pages\/1822","targetHints":{"allow":["GET"]}}],"collection":[{"href":"https:\/\/canadiankindnessleaders.ca\/fr\/wp-json\/wp\/v2\/pages"}],"about":[{"href":"https:\/\/canadiankindnessleaders.ca\/fr\/wp-json\/wp\/v2\/types\/page"}],"author":[{"embeddable":true,"href":"https:\/\/canadiankindnessleaders.ca\/fr\/wp-json\/wp\/v2\/users\/2"}],"replies":[{"embeddable":true,"href":"https:\/\/canadiankindnessleaders.ca\/fr\/wp-json\/wp\/v2\/comments?post=1822"}],"version-history":[{"count":8,"href":"https:\/\/canadiankindnessleaders.ca\/fr\/wp-json\/wp\/v2\/pages\/1822\/revisions"}],"predecessor-version":[{"id":1839,"href":"https:\/\/canadiankindnessleaders.ca\/fr\/wp-json\/wp\/v2\/pages\/1822\/revisions\/1839"}],"wp:attachment":[{"href":"https:\/\/canadiankindnessleaders.ca\/fr\/wp-json\/wp\/v2\/media?parent=1822"}],"curies":[{"name":"wp","href":"https:\/\/api.w.org\/{rel}","templated":true}]}}