{"id":1414,"date":"2021-04-09T00:00:34","date_gmt":"2021-04-09T00:00:34","guid":{"rendered":"https:\/\/canadiankindnessleaders.ca\/?page_id=1414"},"modified":"2025-05-22T19:22:32","modified_gmt":"2025-05-22T19:22:32","slug":"ecole-dickinsfield-school","status":"publish","type":"page","link":"https:\/\/canadiankindnessleaders.ca\/fr\/ecole-dickinsfield-school\/","title":{"rendered":"\u00c9cole Dickinsfield School"},"content":{"rendered":"<p><div class=\"fusion-fullwidth fullwidth-box fusion-builder-row-1 fusion-flex-container nonhundred-percent-fullwidth non-hundred-percent-height-scrolling\" style=\"--awb-border-radius-top-left:0px;--awb-border-radius-top-right:0px;--awb-border-radius-bottom-right:0px;--awb-border-radius-bottom-left:0px;--awb-flex-wrap:wrap;\" ><div class=\"fusion-builder-row fusion-row fusion-flex-align-items-flex-start fusion-flex-content-wrap\" style=\"max-width:1216.8px;margin-left: calc(-4% \/ 2 );margin-right: calc(-4% \/ 2 );\"><div class=\"fusion-layout-column fusion_builder_column fusion-builder-column-0 fusion_builder_column_1_2 1_2 fusion-flex-column\" style=\"--awb-bg-size:cover;--awb-width-large:50%;--awb-margin-top-large:15px;--awb-spacing-right-large:3.84%;--awb-margin-bottom-large:15px;--awb-spacing-left-large:3.84%;--awb-width-medium:100%;--awb-order-medium:0;--awb-spacing-right-medium:1.92%;--awb-spacing-left-medium:1.92%;--awb-width-small:100%;--awb-order-small:0;--awb-spacing-right-small:1.92%;--awb-spacing-left-small:1.92%;\"><div class=\"fusion-column-wrapper fusion-column-has-shadow fusion-flex-justify-content-flex-start fusion-content-layout-column\"><div class=\"fusion-image-element\" style=\"text-align:center;--awb-caption-title-font-family:var(--h2_typography-font-family);--awb-caption-title-font-weight:var(--h2_typography-font-weight);--awb-caption-title-font-style:var(--h2_typography-font-style);--awb-caption-title-size:var(--h2_typography-font-size);--awb-caption-title-transform:var(--h2_typography-text-transform);--awb-caption-title-line-height:var(--h2_typography-line-height);--awb-caption-title-letter-spacing:var(--h2_typography-letter-spacing);\"><span class=\"fusion-imageframe imageframe-none imageframe-1 hover-type-none\"><img decoding=\"async\" width=\"200\" height=\"114\" title=\"photo_logo_sm\" src=\"https:\/\/canadiankindnessleaders.ca\/wp-content\/uploads\/2020\/11\/photo_logo_sm.png\" alt class=\"img-responsive wp-image-855\"\/><\/span><\/div><\/div><\/div><div class=\"fusion-layout-column fusion_builder_column fusion-builder-column-1 fusion_builder_column_1_2 1_2 fusion-flex-column\" style=\"--awb-bg-size:cover;--awb-width-large:50%;--awb-margin-top-large:15px;--awb-spacing-right-large:3.84%;--awb-margin-bottom-large:15px;--awb-spacing-left-large:3.84%;--awb-width-medium:100%;--awb-order-medium:0;--awb-spacing-right-medium:1.92%;--awb-spacing-left-medium:1.92%;--awb-width-small:100%;--awb-order-small:0;--awb-spacing-right-small:1.92%;--awb-spacing-left-small:1.92%;\"><div class=\"fusion-column-wrapper fusion-column-has-shadow fusion-flex-justify-content-flex-start fusion-content-layout-column\"><div class=\"fusion-image-element\" style=\"text-align:center;--awb-caption-title-font-family:var(--h2_typography-font-family);--awb-caption-title-font-weight:var(--h2_typography-font-weight);--awb-caption-title-font-style:var(--h2_typography-font-style);--awb-caption-title-size:var(--h2_typography-font-size);--awb-caption-title-transform:var(--h2_typography-text-transform);--awb-caption-title-line-height:var(--h2_typography-line-height);--awb-caption-title-letter-spacing:var(--h2_typography-letter-spacing);\"><span class=\"fusion-imageframe imageframe-none imageframe-2 hover-type-none\"><img decoding=\"async\" width=\"200\" height=\"114\" title=\"photo_fr_logo_sm\" src=\"https:\/\/canadiankindnessleaders.ca\/wp-content\/uploads\/2021\/03\/photo_fr_logo_sm.png\" alt class=\"img-responsive wp-image-1108\"\/><\/span><\/div><\/div><\/div><\/div><\/div><div class=\"fusion-fullwidth fullwidth-box fusion-builder-row-2 fusion-flex-container nonhundred-percent-fullwidth non-hundred-percent-height-scrolling\" style=\"--awb-border-radius-top-left:0px;--awb-border-radius-top-right:0px;--awb-border-radius-bottom-right:0px;--awb-border-radius-bottom-left:0px;--awb-background-color:#0c507c;--awb-flex-wrap:wrap;\" ><div class=\"fusion-builder-row fusion-row fusion-flex-align-items-center fusion-flex-justify-content-center fusion-flex-content-wrap\" style=\"max-width:1216.8px;margin-left: calc(-4% \/ 2 );margin-right: calc(-4% \/ 2 );\"><div class=\"fusion-layout-column fusion_builder_column fusion-builder-column-2 fusion_builder_column_1_1 1_1 fusion-flex-column\" style=\"--awb-padding-top:0px;--awb-padding-right:0px;--awb-padding-bottom:0px;--awb-padding-left:0px;--awb-bg-size:cover;--awb-width-large:100%;--awb-margin-top-large:15px;--awb-spacing-right-large:1.92%;--awb-margin-bottom-large:15px;--awb-spacing-left-large:1.92%;--awb-width-medium:100%;--awb-order-medium:0;--awb-spacing-right-medium:1.92%;--awb-spacing-left-medium:1.92%;--awb-width-small:100%;--awb-order-small:0;--awb-spacing-right-small:1.92%;--awb-spacing-left-small:1.92%;\"><div class=\"fusion-column-wrapper fusion-column-has-shadow fusion-flex-justify-content-flex-start fusion-content-layout-column\"><div class=\"fusion-title title fusion-title-1 fusion-sep-none fusion-title-center fusion-title-text fusion-title-size-one\" style=\"--awb-text-color:#ffffff;\"><h1 class=\"fusion-title-heading title-heading-center fusion-responsive-typography-calculated\" style=\"margin:0;--fontSize:56;line-height:1.16;\">Projet : Collecte de fonds pour les livres de biblioth\u00e8que<\/h1><\/div><\/div><\/div><\/div><\/div><div class=\"fusion-fullwidth fullwidth-box fusion-builder-row-3 fusion-flex-container nonhundred-percent-fullwidth non-hundred-percent-height-scrolling\" style=\"--awb-border-sizes-top:0;--awb-border-sizes-bottom:0;--awb-border-sizes-left:0;--awb-border-sizes-right:0;--awb-border-radius-top-left:0px;--awb-border-radius-top-right:0px;--awb-border-radius-bottom-right:0px;--awb-border-radius-bottom-left:0px;--awb-padding-top:0px;--awb-padding-right:0px;--awb-padding-bottom:0px;--awb-padding-left:0px;--awb-margin-top:0px;--awb-margin-bottom:0px;--awb-background-color:#a7bedb;--awb-flex-wrap:wrap;\" ><div class=\"fusion-builder-row fusion-row fusion-flex-align-items-center fusion-flex-justify-content-center fusion-flex-content-wrap\" style=\"max-width:1216.8px;margin-left: calc(-4% \/ 2 );margin-right: calc(-4% \/ 2 );\"><div class=\"fusion-layout-column fusion_builder_column fusion-builder-column-3 fusion_builder_column_1_2 1_2 fusion-flex-column fusion-flex-align-self-center\" style=\"--awb-padding-top:0px;--awb-padding-right:0px;--awb-padding-bottom:0px;--awb-padding-left:0px;--awb-bg-size:cover;--awb-width-large:50%;--awb-margin-top-large:15px;--awb-spacing-right-large:3.84%;--awb-margin-bottom-large:0px;--awb-spacing-left-large:3.84%;--awb-width-medium:100%;--awb-order-medium:0;--awb-spacing-right-medium:1.92%;--awb-spacing-left-medium:1.92%;--awb-width-small:100%;--awb-order-small:0;--awb-spacing-right-small:1.92%;--awb-spacing-left-small:1.92%;\"><div class=\"fusion-column-wrapper fusion-column-has-shadow fusion-flex-justify-content-center fusion-content-layout-column\"><div class=\"fusion-text fusion-text-1\"><p><a href=\"https:\/\/canadiankindnessleaders.ca\/fr\/\"><span style=\"color: #000000;\"><i class=\"fb-icon-element-1 fb-icon-element fontawesome-icon fa-arrow-left fas circle-yes fusion-text-flow\" style=\"--awb-circlecolor:#044f7d;--awb-circlecolor-hover:#ff383b;--awb-circlebordercolor:#044f7d;--awb-circlebordercolor-hover:#ff383b;--awb-circlebordersize:1px;--awb-font-size:19.36px;--awb-width:38.72px;--awb-height:38.72px;--awb-line-height:36.72px;--awb-margin-right:11px;\"><\/i>Retour au site principal<\/span><\/a><\/p>\n<\/div><\/div><\/div><div class=\"fusion-layout-column fusion_builder_column fusion-builder-column-4 fusion_builder_column_1_2 1_2 fusion-flex-column fusion-flex-align-self-center\" style=\"--awb-padding-top:0px;--awb-padding-right:0px;--awb-padding-bottom:0px;--awb-padding-left:0px;--awb-bg-size:cover;--awb-width-large:50%;--awb-margin-top-large:15px;--awb-spacing-right-large:3.84%;--awb-margin-bottom-large:0px;--awb-spacing-left-large:3.84%;--awb-width-medium:100%;--awb-order-medium:0;--awb-spacing-right-medium:1.92%;--awb-spacing-left-medium:1.92%;--awb-width-small:100%;--awb-order-small:0;--awb-spacing-right-small:1.92%;--awb-spacing-left-small:1.92%;\"><div class=\"fusion-column-wrapper fusion-column-has-shadow fusion-flex-justify-content-center fusion-content-layout-column\"><div class=\"fusion-text fusion-text-2\" style=\"--awb-content-alignment:right;\"><p><a href=\"https:\/\/mentorscanadiensengentillesse.ca\/\"><span style=\"color: #000000;\">Retour au site principal<\/span> <i class=\"fb-icon-element-2 fb-icon-element fontawesome-icon fa-arrow-right fas circle-yes fusion-text-flow\" style=\"--awb-circlecolor:#044f7d;--awb-circlecolor-hover:#ff383b;--awb-circlebordercolor:#044f7d;--awb-circlebordercolor-hover:#ff383b;--awb-circlebordersize:1px;--awb-font-size:19.36px;--awb-width:38.72px;--awb-height:38.72px;--awb-line-height:36.72px;--awb-margin-right:11px;\"><\/i><\/a><\/p>\n<\/div><\/div><\/div><\/div><\/div><div class=\"fusion-fullwidth fullwidth-box fusion-builder-row-4 fusion-flex-container nonhundred-percent-fullwidth non-hundred-percent-height-scrolling\" style=\"--awb-border-radius-top-left:0px;--awb-border-radius-top-right:0px;--awb-border-radius-bottom-right:0px;--awb-border-radius-bottom-left:0px;--awb-flex-wrap:wrap;\" ><div class=\"fusion-builder-row fusion-row fusion-flex-align-items-flex-start fusion-flex-content-wrap\" style=\"max-width:1216.8px;margin-left: calc(-4% \/ 2 );margin-right: calc(-4% \/ 2 );\"><div class=\"fusion-layout-column fusion_builder_column fusion-builder-column-5 fusion_builder_column_1_2 1_2 fusion-flex-column\" style=\"--awb-bg-size:cover;--awb-width-large:50%;--awb-margin-top-large:15px;--awb-spacing-right-large:3.84%;--awb-margin-bottom-large:15px;--awb-spacing-left-large:3.84%;--awb-width-medium:100%;--awb-order-medium:0;--awb-spacing-right-medium:1.92%;--awb-spacing-left-medium:1.92%;--awb-width-small:100%;--awb-order-small:0;--awb-spacing-right-small:1.92%;--awb-spacing-left-small:1.92%;\"><div class=\"fusion-column-wrapper fusion-column-has-shadow fusion-flex-justify-content-flex-start fusion-content-layout-column\"><div class=\"fusion-image-element\" style=\"text-align:center;--awb-caption-title-font-family:var(--h2_typography-font-family);--awb-caption-title-font-weight:var(--h2_typography-font-weight);--awb-caption-title-font-style:var(--h2_typography-font-style);--awb-caption-title-size:var(--h2_typography-font-size);--awb-caption-title-transform:var(--h2_typography-text-transform);--awb-caption-title-line-height:var(--h2_typography-line-height);--awb-caption-title-letter-spacing:var(--h2_typography-letter-spacing);\"><span class=\"fusion-imageframe imageframe-none imageframe-3 hover-type-none\"><img decoding=\"async\" width=\"250\" height=\"250\" title=\"\u00e9cole-13\" src=\"https:\/\/canadiankindnessleaders.ca\/wp-content\/uploads\/2021\/04\/school-13.png\" alt class=\"img-responsive wp-image-1277\" srcset=\"https:\/\/canadiankindnessleaders.ca\/wp-content\/uploads\/2021\/04\/school-13-200x200.png 200w, https:\/\/canadiankindnessleaders.ca\/wp-content\/uploads\/2021\/04\/school-13.png 250w\" sizes=\"(max-width: 1024px) 100vw, (max-width: 640px) 100vw, 250px\" \/><\/span><\/div><div class=\"fusion-separator fusion-full-width-sep\" style=\"align-self: center;margin-left: auto;margin-right: auto;margin-bottom:20px;width:100%;\"><\/div><div class=\"fusion-image-element\" style=\"--awb-caption-title-font-family:var(--h2_typography-font-family);--awb-caption-title-font-weight:var(--h2_typography-font-weight);--awb-caption-title-font-style:var(--h2_typography-font-style);--awb-caption-title-size:var(--h2_typography-font-size);--awb-caption-title-transform:var(--h2_typography-text-transform);--awb-caption-title-line-height:var(--h2_typography-line-height);--awb-caption-title-letter-spacing:var(--h2_typography-letter-spacing);\"><span class=\"fusion-imageframe imageframe-none imageframe-4 hover-type-none\"><img decoding=\"async\" width=\"500\" height=\"332\" title=\"biblioth\u00e8que\" src=\"https:\/\/canadiankindnessleaders.ca\/wp-content\/uploads\/2021\/04\/library.jpg\" alt class=\"img-responsive wp-image-1442\" srcset=\"https:\/\/canadiankindnessleaders.ca\/wp-content\/uploads\/2021\/04\/library-200x133.jpg 200w, https:\/\/canadiankindnessleaders.ca\/wp-content\/uploads\/2021\/04\/library-400x266.jpg 400w, https:\/\/canadiankindnessleaders.ca\/wp-content\/uploads\/2021\/04\/library.jpg 500w\" sizes=\"(max-width: 1024px) 100vw, (max-width: 640px) 100vw, 500px\" \/><\/span><\/div><div class=\"fusion-separator fusion-full-width-sep\" style=\"align-self: center;margin-left: auto;margin-right: auto;margin-bottom:20px;width:100%;\"><\/div><\/div><\/div><div class=\"fusion-layout-column fusion_builder_column fusion-builder-column-6 fusion_builder_column_1_2 1_2 fusion-flex-column\" style=\"--awb-bg-size:cover;--awb-width-large:50%;--awb-margin-top-large:15px;--awb-spacing-right-large:3.84%;--awb-margin-bottom-large:15px;--awb-spacing-left-large:3.84%;--awb-width-medium:100%;--awb-order-medium:0;--awb-spacing-right-medium:1.92%;--awb-spacing-left-medium:1.92%;--awb-width-small:100%;--awb-order-small:0;--awb-spacing-right-small:1.92%;--awb-spacing-left-small:1.92%;\"><div class=\"fusion-column-wrapper fusion-column-has-shadow fusion-flex-justify-content-flex-start fusion-content-layout-column\"><div class=\"fusion-tabs fusion-tabs-1 classic nav-is-justified horizontal-tabs icon-position-left mobile-mode-accordion\" style=\"--awb-title-border-radius-top-left:0px;--awb-title-border-radius-top-right:0px;--awb-title-border-radius-bottom-right:0px;--awb-title-border-radius-bottom-left:0px;--awb-inactive-color:#f4f6f8;--awb-background-color:#ffffff;--awb-border-color:#dbe2ea;--awb-active-border-color:#0c507c;\"><div class=\"nav\"><ul class=\"nav-tabs nav-justified\" role=\"tablist\"><li class=\"active\" role=\"presentation\"><a class=\"tab-link\" data-toggle=\"tab\" role=\"tab\" aria-controls=\"tab-3b7aaecd05788eb2821\" aria-selected=\"true\" id=\"fusion-tab-english\" href=\"#tab-3b7aaecd05788eb2821\"><h4 class=\"fusion-tab-heading\">Anglais<\/h4><\/a><\/li><li role=\"presentation\"><a class=\"tab-link\" data-toggle=\"tab\" role=\"tab\" aria-controls=\"tab-619768974db4d5c9ba5\" aria-selected=\"false\" tabindex=\"-1\" id=\"fusion-tab-french\" href=\"#tab-619768974db4d5c9ba5\"><h4 class=\"fusion-tab-heading\">Fran\u00e7ais<\/h4><\/a><\/li><\/ul><\/div><div class=\"tab-content\"><div class=\"nav fusion-mobile-tab-nav\"><ul class=\"nav-tabs nav-justified\" role=\"tablist\"><li class=\"active\" role=\"presentation\"><a class=\"tab-link\" data-toggle=\"tab\" role=\"tab\" aria-controls=\"tab-3b7aaecd05788eb2821\" aria-selected=\"true\" id=\"mobile-fusion-tab-english\" href=\"#tab-3b7aaecd05788eb2821\"><h4 class=\"fusion-tab-heading\">Anglais<\/h4><\/a><\/li><\/ul><\/div><div class=\"tab-pane fade fusion-clearfix in active\" role=\"tabpanel\" tabindex=\"0\" aria-labelledby=\"fusion-tab-english\" id=\"tab-3b7aaecd05788eb2821\"><strong>Nom de l'\u00e9cole :<\/strong><br \/>\n\u00c9cole Dickinsfield School<\/p>\n<p><strong>Ville, Province :<\/strong><br \/>\nFort McMurray, Alberta<\/p>\n<p><strong>Nom du projet :<\/strong><br \/>\nCollecte de fonds pour les livres de biblioth\u00e8que<\/p>\n<p><strong>Description :<\/strong><br \/>\nL'id\u00e9e de Kindness est de collecter des fonds pour la biblioth\u00e8que de l'\u00e9cole afin d'acheter des livres pour que les \u00e9l\u00e8ves puissent lire des s\u00e9ries compl\u00e8tes de livres, dont beaucoup sont actuellement incompl\u00e8tes. Les \u00e9l\u00e8ves organiseront \u00e9galement leur propre collecte de fonds en vendant de la limonade et des animaux \u00e9lastiques.<\/div><div class=\"nav fusion-mobile-tab-nav\"><ul class=\"nav-tabs nav-justified\" role=\"tablist\"><li role=\"presentation\"><a class=\"tab-link\" data-toggle=\"tab\" role=\"tab\" aria-controls=\"tab-619768974db4d5c9ba5\" aria-selected=\"false\" tabindex=\"-1\" id=\"mobile-fusion-tab-french\" href=\"#tab-619768974db4d5c9ba5\"><h4 class=\"fusion-tab-heading\">Fran\u00e7ais<\/h4><\/a><\/li><\/ul><\/div><div class=\"tab-pane fade fusion-clearfix\" role=\"tabpanel\" tabindex=\"0\" aria-labelledby=\"fusion-tab-french\" id=\"tab-619768974db4d5c9ba5\"><strong>Nom de l'\u00e9cole :<\/strong><br \/>\n\u00c9cole Dickinsfield School<\/p>\n<p><strong>Ville, Province :<\/strong><br \/>\nFort McMurray, Alberta<\/p>\n<p><strong>Nom du projet :<\/strong><br \/>\nLev\u00e9e de fonds pour les livres de biblioth\u00e8que<\/p>\n<p><strong>Description :<\/strong><br \/>\nL'id\u00e9e de gentillesse est de collecter des fonds pour la biblioth\u00e8que de l'\u00e9cole afin d'acheter des livres pour que les \u00e9l\u00e8ves puissent lire des s\u00e9ries compl\u00e8tes de livres, dont beaucoup sont actuellement incompl\u00e8tes. Les \u00e9l\u00e8ves feront \u00e9galement leur propre collecte de fonds en vendant de la limonade et des animaux en \u00e9lastique.<\/div><\/div><\/div><\/div><\/div><div class=\"fusion-layout-column fusion_builder_column fusion-builder-column-7 fusion_builder_column_1_1 1_1 fusion-flex-column\" style=\"--awb-bg-size:cover;--awb-width-large:100%;--awb-margin-top-large:15px;--awb-spacing-right-large:1.92%;--awb-margin-bottom-large:15px;--awb-spacing-left-large:1.92%;--awb-width-medium:100%;--awb-order-medium:0;--awb-spacing-right-medium:1.92%;--awb-spacing-left-medium:1.92%;--awb-width-small:100%;--awb-order-small:0;--awb-spacing-right-small:1.92%;--awb-spacing-left-small:1.92%;\"><div class=\"fusion-column-wrapper fusion-column-has-shadow fusion-flex-justify-content-flex-start fusion-content-layout-column\"><div class=\"fusion-separator fusion-full-width-sep\" style=\"align-self: center;margin-left: auto;margin-right: auto;margin-bottom:-40px;width:100%;\"><\/div><div class=\"fusion-title title fusion-title-2 fusion-sep-none fusion-title-text fusion-title-size-three\" style=\"--awb-text-color:#044f7d;--awb-font-size:28px;\"><h3 class=\"fusion-title-heading title-heading-left fusion-responsive-typography-calculated\" style=\"margin:0;font-size:1em;--fontSize:28;line-height:1.25;\">Lieu de l'\u00e9cole<\/h3><\/div><iframe src=\"https:\/\/www.google.com\/maps\/embed?pb=!1m18!1m12!1m3!1d2188.338290808466!2d-111.47206278385593!3d56.737155980828085!2m3!1f0!2f0!3f0!3m2!1i1024!2i768!4f13.1!3m3!1m2!1s0x53b0085525e0200d%3A0x5cf18cb48b22ceec!2s%C3%89cole%20Dickinsfield%20School!5e0!3m2!1sen!2sca!4v1617926550566!5m2!1sen!2sca\" width=\"100%\" height=\"250\" style=\"border:0;\" allowfullscreen=\"\" loading=\"lazy\"><\/iframe><\/div><\/div><\/div><\/div><div class=\"fusion-fullwidth fullwidth-box fusion-builder-row-5 fusion-flex-container nonhundred-percent-fullwidth non-hundred-percent-height-scrolling\" style=\"--awb-border-sizes-top:0;--awb-border-sizes-bottom:0;--awb-border-sizes-left:0;--awb-border-sizes-right:0;--awb-border-radius-top-left:0px;--awb-border-radius-top-right:0px;--awb-border-radius-bottom-right:0px;--awb-border-radius-bottom-left:0px;--awb-padding-top:0px;--awb-padding-right:0px;--awb-padding-bottom:0px;--awb-padding-left:0px;--awb-margin-top:0px;--awb-margin-bottom:0px;--awb-background-color:#a7bedb;--awb-flex-wrap:wrap;\" ><div class=\"fusion-builder-row fusion-row fusion-flex-align-items-center fusion-flex-justify-content-center fusion-flex-content-wrap\" style=\"max-width:1216.8px;margin-left: calc(-4% \/ 2 );margin-right: calc(-4% \/ 2 );\"><div class=\"fusion-layout-column fusion_builder_column fusion-builder-column-8 fusion_builder_column_1_1 1_1 fusion-flex-column fusion-flex-align-self-center\" style=\"--awb-padding-top:0px;--awb-padding-right:0px;--awb-padding-bottom:0px;--awb-padding-left:0px;--awb-bg-size:cover;--awb-width-large:100%;--awb-margin-top-large:15px;--awb-spacing-right-large:1.92%;--awb-margin-bottom-large:0px;--awb-spacing-left-large:1.92%;--awb-width-medium:100%;--awb-order-medium:0;--awb-spacing-right-medium:1.92%;--awb-spacing-left-medium:1.92%;--awb-width-small:100%;--awb-order-small:0;--awb-spacing-right-small:1.92%;--awb-spacing-left-small:1.92%;\"><div class=\"fusion-column-wrapper fusion-column-has-shadow fusion-flex-justify-content-center fusion-content-layout-column\"><div class=\"fusion-title title fusion-title-3 fusion-sep-none fusion-title-center fusion-title-text fusion-title-size-two\" style=\"--awb-text-color:#044f7d;\"><h2 class=\"fusion-title-heading title-heading-center fusion-responsive-typography-calculated\" style=\"margin:0;--fontSize:48;line-height:1.0;\">Qu'en pensez-vous ?<\/h2><\/div><div class=\"fusion-text fusion-text-3\" style=\"--awb-content-alignment:center;\"><p><span style=\"color: #ffffff;\"><strong>Faites part de vos r\u00e9flexions et de vos sentiments sur ce projet !<br \/>\nPartagez vos r\u00e9flexions et vos sentiments sur ce projet !<\/strong><\/span><\/p>\n<\/div><\/div><\/div><\/div><\/div><\/p>\n<div class=\"wpra-reactions-wrap wpra-plugin-container wpra-regular\" data-ver=\"3.0.20\" data-layout=\"regular\" data-bind_id=\"1414\" data-show_count=\"true\" data-count_percentage=\"false\" data-enable_share=\"onclick\" data-animation=\"true\" data-align=\"center\" data-flying_type=\"label\" data-react_secure=\"a5e73a0ebd\" data-source=\"global\" data-sgc_id=\"0\" data-format=\"svg\/json\" >    <div class=\"wpra-reactions-container\">        <div class=\"wpra-call-to-action\">Quelle est votre r\u00e9action ?<\/div>        <div class=\"wpra-reactions wpra-animated-emojis wpra-shadow-light\">                            <div class=\"emoji-64 wpra-reaction\" data-count=\"3\" data-emoji_id=\"64\" >                    <div class=\"wpra-flying\">Excellent travail !<\/div>                                            <div class=\"arrow-badge\">                            <span class=\"tail\"><\/span>                            <span class=\"count-num\">3<\/span>                        <\/div>                    <div class=\"wpra-reaction-emoji\">                        <div class=\"wpra-reaction-emoji-holder wpra-reaction-animation-holder\" data-emoji_id=\"64\"><\/div>            <\/div>                <\/div>                            <div class=\"emoji-1 wpra-reaction\" data-count=\"0\" data-emoji_id=\"1\" >                    <div class=\"wpra-flying\">LOL<\/div>                                            <div class=\"arrow-badge hide-count\">                            <span class=\"tail\"><\/span>                            <span class=\"count-num\">0<\/span>                        <\/div>                    <div class=\"wpra-reaction-emoji\">                        <div class=\"wpra-reaction-emoji-holder wpra-reaction-animation-holder\" data-emoji_id=\"1\"><\/div>            <\/div>                <\/div>                            <div class=\"emoji-190 wpra-reaction\" data-count=\"2\" data-emoji_id=\"190\" >                    <div class=\"wpra-flying\">L'amour !<\/div>                                            <div class=\"arrow-badge\">                            <span class=\"tail\"><\/span>                            <span class=\"count-num\">2<\/span>                        <\/div>                    <div class=\"wpra-reaction-emoji\">                        <div class=\"wpra-reaction-emoji-holder wpra-reaction-animation-holder\" data-emoji_id=\"190\"><\/div>            <\/div>                <\/div>                            <div class=\"emoji-19 wpra-reaction\" data-count=\"0\" data-emoji_id=\"19\" >                    <div class=\"wpra-flying\">Incroyable !<\/div>                                            <div class=\"arrow-badge hide-count\">                            <span class=\"tail\"><\/span>                            <span class=\"count-num\">0<\/span>                        <\/div>                    <div class=\"wpra-reaction-emoji\">                        <div class=\"wpra-reaction-emoji-holder wpra-reaction-animation-holder\" data-emoji_id=\"19\"><\/div>            <\/div>                <\/div>                            <div class=\"emoji-186 wpra-reaction\" data-count=\"1\" data-emoji_id=\"186\" >                    <div class=\"wpra-flying\">La f\u00eate !<\/div>                                            <div class=\"arrow-badge\">                            <span class=\"tail\"><\/span>                            <span class=\"count-num\">1<\/span>                        <\/div>                    <div class=\"wpra-reaction-emoji\">                        <div class=\"wpra-reaction-emoji-holder wpra-reaction-animation-holder\" data-emoji_id=\"186\"><\/div>            <\/div>                <\/div>                            <div class=\"emoji-18 wpra-reaction\" data-count=\"1\" data-emoji_id=\"18\" >                    <div class=\"wpra-flying\">\u00c7a a l'air cool !<\/div>                                            <div class=\"arrow-badge\">                            <span class=\"tail\"><\/span>                            <span class=\"count-num\">1<\/span>                        <\/div>                    <div class=\"wpra-reaction-emoji\">                        <div class=\"wpra-reaction-emoji-holder wpra-reaction-animation-holder\" data-emoji_id=\"18\"><\/div>            <\/div>                <\/div>                    <\/div>            <div class=\"wpra-share-wrap wpra-share-expandable\"         style=\"display:none;\" data-share_url=\"https%3A%2F%2Fcanadiankindnessleaders.ca%2Ffr%2Fecole-dickinsfield-school%2F\" data-bind_id=\"1414\" data-source=\"global\" data-sgc_id=\"0\" data-secure=\"55bd1a6535\" >                <div class=\"wpra-share-buttons  wpra-share-buttons-bordered\">                    <\/div>            <\/div>    <\/div> <!-- end of reactions container --><\/div> <!-- end of reactions wrap -->","protected":false},"excerpt":{"rendered":"","protected":false},"author":2,"featured_media":0,"parent":0,"menu_order":0,"comment_status":"closed","ping_status":"closed","template":"100-width.php","meta":{"footnotes":""},"class_list":["post-1414","page","type-page","status-publish","hentry"],"_links":{"self":[{"href":"https:\/\/canadiankindnessleaders.ca\/fr\/wp-json\/wp\/v2\/pages\/1414","targetHints":{"allow":["GET"]}}],"collection":[{"href":"https:\/\/canadiankindnessleaders.ca\/fr\/wp-json\/wp\/v2\/pages"}],"about":[{"href":"https:\/\/canadiankindnessleaders.ca\/fr\/wp-json\/wp\/v2\/types\/page"}],"author":[{"embeddable":true,"href":"https:\/\/canadiankindnessleaders.ca\/fr\/wp-json\/wp\/v2\/users\/2"}],"replies":[{"embeddable":true,"href":"https:\/\/canadiankindnessleaders.ca\/fr\/wp-json\/wp\/v2\/comments?post=1414"}],"version-history":[{"count":9,"href":"https:\/\/canadiankindnessleaders.ca\/fr\/wp-json\/wp\/v2\/pages\/1414\/revisions"}],"predecessor-version":[{"id":1443,"href":"https:\/\/canadiankindnessleaders.ca\/fr\/wp-json\/wp\/v2\/pages\/1414\/revisions\/1443"}],"wp:attachment":[{"href":"https:\/\/canadiankindnessleaders.ca\/fr\/wp-json\/wp\/v2\/media?parent=1414"}],"curies":[{"name":"wp","href":"https:\/\/api.w.org\/{rel}","templated":true}]}}